{"id":163,"date":"2019-03-16T17:20:13","date_gmt":"2019-03-16T16:20:13","guid":{"rendered":"http:\/\/www.kuh-bassum.de\/WP-TEST\/wp\/?page_id=163"},"modified":"2025-01-21T16:30:07","modified_gmt":"2025-01-21T15:30:07","slug":"die-ue-60-gruppe","status":"publish","type":"page","link":"https:\/\/www.kuh-bassum.de\/wp\/die-ue-60-gruppe\/","title":{"rendered":"Die \u00dc-60 Gruppe"},"content":{"rendered":"\n<p>Schon oft, aber nie oft genug wurde die \u00dc-60 Gruppe zu Recht als Juwel des Kultur- und Heimatvereins Bassum e.V. bezeichnet! Diese Gruppe trifft sich an jedem ersten Mittwoch des Monats morgens im Park der Freudenburg, um dann hier den Park zu pflegen. Es werden B\u00fcsche beschnitten, Laub geharkt, Unkraut gej\u00e4tet und verschiedene Pflanzaktionen durchgef\u00fchrt. Die Gruppe freut sich stets \u00fcber neue fleissige Helfer!! <a href=\"http:\/\/www.kuh-bassum.de\/WP-TEST\/wp\/termine\/\">Die Termine f\u00fcr 2025 finden Sie bitte hier.<\/a><\/p>\n\n\n\n<figure class=\"wp-block-image\"><img fetchpriority=\"high\" decoding=\"async\" width=\"1024\" height=\"683\" src=\"http:\/\/www.kuh-bassum.de\/wp\/wp-content\/uploads\/2019\/03\/Pflanzaktion-2019-01-1024x683.jpg\" alt=\"\" class=\"wp-image-289\" srcset=\"https:\/\/www.kuh-bassum.de\/wp\/wp-content\/uploads\/2019\/03\/Pflanzaktion-2019-01-1024x683.jpg 1024w, https:\/\/www.kuh-bassum.de\/wp\/wp-content\/uploads\/2019\/03\/Pflanzaktion-2019-01-300x200.jpg 300w, https:\/\/www.kuh-bassum.de\/wp\/wp-content\/uploads\/2019\/03\/Pflanzaktion-2019-01-768x512.jpg 768w\" sizes=\"(max-width: 1024px) 100vw, 1024px\" \/><\/figure>\n","protected":false},"excerpt":{"rendered":"<p>Schon oft, aber nie oft genug wurde die \u00dc-60 Gruppe zu Recht als Juwel des Kultur- und Heimatvereins Bassum e.V. bezeichnet! Diese Gruppe trifft sich an jedem ersten Mittwoch des Monats morgens im Park der Freudenburg, um dann hier den Park zu pflegen. Es werden B\u00fcsche beschnitten, Laub geharkt, Unkraut gej\u00e4tet und verschiedene Pflanzaktionen durchgef\u00fchrt. [&hellip;]<\/p>\n","protected":false},"author":1,"featured_media":0,"parent":0,"menu_order":0,"comment_status":"closed","ping_status":"closed","template":"","meta":{"ocean_post_layout":"","ocean_both_sidebars_style":"","ocean_both_sidebars_content_width":0,"ocean_both_sidebars_sidebars_width":0,"ocean_sidebar":"0","ocean_second_sidebar":"0","ocean_disable_margins":"enable","ocean_add_body_class":"","ocean_shortcode_before_top_bar":"","ocean_shortcode_after_top_bar":"","ocean_shortcode_before_header":"","ocean_shortcode_after_header":"","ocean_has_shortcode":"","ocean_shortcode_after_title":"","ocean_shortcode_before_footer_widgets":"","ocean_shortcode_after_footer_widgets":"","ocean_shortcode_before_footer_bottom":"","ocean_shortcode_after_footer_bottom":"","ocean_display_top_bar":"default","ocean_display_header":"default","ocean_header_style":"","ocean_center_header_left_menu":"0","ocean_custom_header_template":"0","ocean_custom_logo":0,"ocean_custom_retina_logo":0,"ocean_custom_logo_max_width":0,"ocean_custom_logo_tablet_max_width":0,"ocean_custom_logo_mobile_max_width":0,"ocean_custom_logo_max_height":0,"ocean_custom_logo_tablet_max_height":0,"ocean_custom_logo_mobile_max_height":0,"ocean_header_custom_menu":"0","ocean_menu_typo_font_family":"0","ocean_menu_typo_font_subset":"","ocean_menu_typo_font_size":0,"ocean_menu_typo_font_size_tablet":0,"ocean_menu_typo_font_size_mobile":0,"ocean_menu_typo_font_size_unit":"px","ocean_menu_typo_font_weight":"","ocean_menu_typo_font_weight_tablet":"","ocean_menu_typo_font_weight_mobile":"","ocean_menu_typo_transform":"","ocean_menu_typo_transform_tablet":"","ocean_menu_typo_transform_mobile":"","ocean_menu_typo_line_height":0,"ocean_menu_typo_line_height_tablet":0,"ocean_menu_typo_line_height_mobile":0,"ocean_menu_typo_line_height_unit":"","ocean_menu_typo_spacing":0,"ocean_menu_typo_spacing_tablet":0,"ocean_menu_typo_spacing_mobile":0,"ocean_menu_typo_spacing_unit":"","ocean_menu_link_color":"","ocean_menu_link_color_hover":"","ocean_menu_link_color_active":"","ocean_menu_link_background":"","ocean_menu_link_hover_background":"","ocean_menu_link_active_background":"","ocean_menu_social_links_bg":"","ocean_menu_social_hover_links_bg":"","ocean_menu_social_links_color":"","ocean_menu_social_hover_links_color":"","ocean_disable_title":"default","ocean_disable_heading":"default","ocean_post_title":"","ocean_post_subheading":"","ocean_post_title_style":"","ocean_post_title_background_color":"","ocean_post_title_background":0,"ocean_post_title_bg_image_position":"","ocean_post_title_bg_image_attachment":"","ocean_post_title_bg_image_repeat":"","ocean_post_title_bg_image_size":"","ocean_post_title_height":0,"ocean_post_title_bg_overlay":0.5,"ocean_post_title_bg_overlay_color":"","ocean_disable_breadcrumbs":"default","ocean_breadcrumbs_color":"","ocean_breadcrumbs_separator_color":"","ocean_breadcrumbs_links_color":"","ocean_breadcrumbs_links_hover_color":"","ocean_display_footer_widgets":"default","ocean_display_footer_bottom":"default","ocean_custom_footer_template":"0","footnotes":""},"class_list":["post-163","page","type-page","status-publish","hentry","entry"],"_links":{"self":[{"href":"https:\/\/www.kuh-bassum.de\/wp\/wp-json\/wp\/v2\/pages\/163","targetHints":{"allow":["GET"]}}],"collection":[{"href":"https:\/\/www.kuh-bassum.de\/wp\/wp-json\/wp\/v2\/pages"}],"about":[{"href":"https:\/\/www.kuh-bassum.de\/wp\/wp-json\/wp\/v2\/types\/page"}],"author":[{"embeddable":true,"href":"https:\/\/www.kuh-bassum.de\/wp\/wp-json\/wp\/v2\/users\/1"}],"replies":[{"embeddable":true,"href":"https:\/\/www.kuh-bassum.de\/wp\/wp-json\/wp\/v2\/comments?post=163"}],"version-history":[{"count":10,"href":"https:\/\/www.kuh-bassum.de\/wp\/wp-json\/wp\/v2\/pages\/163\/revisions"}],"predecessor-version":[{"id":731,"href":"https:\/\/www.kuh-bassum.de\/wp\/wp-json\/wp\/v2\/pages\/163\/revisions\/731"}],"wp:attachment":[{"href":"https:\/\/www.kuh-bassum.de\/wp\/wp-json\/wp\/v2\/media?parent=163"}],"curies":[{"name":"wp","href":"https:\/\/api.w.org\/{rel}","templated":true}]}}